{"id":185,"date":"2025-03-23T12:44:56","date_gmt":"2025-03-23T11:44:56","guid":{"rendered":"http:\/\/chorfamilie-dernbach.de\/?page_id=185"},"modified":"2025-03-23T12:47:50","modified_gmt":"2025-03-23T11:47:50","slug":"beitrittserklaerung","status":"publish","type":"page","link":"http:\/\/chorfamilie-dernbach.de\/?page_id=185","title":{"rendered":"Beitrittserkl\u00e4rung"},"content":{"rendered":"\n<p>Werden Sie Teil unserer Chorfamilie oder f\u00f6rdern Sie unser kulturelles Engagement durch eine passive Mitgliedschaft. Hier k\u00f6nnen Sie direkt die Beitrittserkl\u00e4rung herunterladen und uns diese per Mail ausgef\u00fcllt zusenden (<a href=\"kontakt@chorfamilie-dernbach.de\">kontakt@chorfamilie-dernbach.de<\/a>).<\/p>\n\n\n\n<p><a href=\"http:\/\/chorfamilie-dernbach.de\/wp-content\/uploads\/2025\/03\/Beitrittserklaerung.pdf\">http:\/\/chorfamilie-dernbach.de\/wp-content\/uploads\/2025\/03\/Beitrittserklaerung.pdf<\/a><\/p>\n","protected":false},"excerpt":{"rendered":"<p>Werden Sie Teil unserer Chorfamilie oder f\u00f6rdern Sie unser kulturelles Engagement durch eine passive Mitgliedschaft. Hier k\u00f6nnen Sie direkt die Beitrittserkl\u00e4rung herunterladen und uns diese per Mail ausgef\u00fcllt zusenden (kontakt@chorfamilie-dernbach.de). http:\/\/chorfamilie-dernbach.de\/wp-content\/uploads\/2025\/03\/Beitrittserklaerung.pdf<\/p>\n","protected":false},"author":2,"featured_media":0,"parent":0,"menu_order":0,"comment_status":"closed","ping_status":"closed","template":"","meta":{"footnotes":""},"class_list":["post-185","page","type-page","status-publish","hentry"],"_links":{"self":[{"href":"http:\/\/chorfamilie-dernbach.de\/index.php?rest_route=\/wp\/v2\/pages\/185","targetHints":{"allow":["GET"]}}],"collection":[{"href":"http:\/\/chorfamilie-dernbach.de\/index.php?rest_route=\/wp\/v2\/pages"}],"about":[{"href":"http:\/\/chorfamilie-dernbach.de\/index.php?rest_route=\/wp\/v2\/types\/page"}],"author":[{"embeddable":true,"href":"http:\/\/chorfamilie-dernbach.de\/index.php?rest_route=\/wp\/v2\/users\/2"}],"replies":[{"embeddable":true,"href":"http:\/\/chorfamilie-dernbach.de\/index.php?rest_route=%2Fwp%2Fv2%2Fcomments&post=185"}],"version-history":[{"count":2,"href":"http:\/\/chorfamilie-dernbach.de\/index.php?rest_route=\/wp\/v2\/pages\/185\/revisions"}],"predecessor-version":[{"id":192,"href":"http:\/\/chorfamilie-dernbach.de\/index.php?rest_route=\/wp\/v2\/pages\/185\/revisions\/192"}],"wp:attachment":[{"href":"http:\/\/chorfamilie-dernbach.de\/index.php?rest_route=%2Fwp%2Fv2%2Fmedia&parent=185"}],"curies":[{"name":"wp","href":"https:\/\/api.w.org\/{rel}","templated":true}]}}