{"id":43,"date":"2023-08-24T15:27:48","date_gmt":"2023-08-24T13:27:48","guid":{"rendered":"http:\/\/chorfamilie-dernbach.de\/?page_id=43"},"modified":"2026-02-01T11:48:11","modified_gmt":"2026-02-01T10:48:11","slug":"verein-vorstand","status":"publish","type":"page","link":"http:\/\/chorfamilie-dernbach.de\/?page_id=43","title":{"rendered":"Verein &amp; Vorstand"},"content":{"rendered":"\n<p>Wir sind immer offen f\u00fcr neue S\u00e4nger! Kommen Sie gerne auf uns zu.<\/p>\n\n\n\n<p><strong>Der Vorstand<\/strong><\/p>\n\n\n\n<p>Ricarda K\u00f6hler 1. Vorsitzender Alt,<\/p>\n\n\n\n<p>Nicole Albert 2. Vorsitzende, Sopran,<\/p>\n\n\n\n<p>Katrin Wittayer-von Piotrovski Schriftf\u00fchrerin, Alt ,<\/p>\n\n\n\n<p>Sarah Holzh\u00e4user Kassiererin, Tenor<\/p>\n\n\n\n<p><strong>Stellvertreter*in<\/strong><\/p>\n\n\n\n<p>R\u00fcdiger Michels, stellv. Schriftf\u00fchrer, Bass<\/p>\n\n\n\n<p>Ruth Steffes stellv. Kassierer, Tenor<\/p>\n\n\n\n<p><strong>Beisitzer*innen<\/strong><\/p>\n\n\n\n<p>Thomas Schlemmer, Bass<\/p>\n\n\n\n<p>Karl-Heinz Gilles, Bass<\/p>\n\n\n\n<p>Daniela H\u00f6wer, Alt<\/p>\n\n\n\n<p>Silke Jankowitsch, Alt<\/p>\n","protected":false},"excerpt":{"rendered":"<p>Wir sind immer offen f\u00fcr neue S\u00e4nger! Kommen Sie gerne auf uns zu. Der Vorstand Ricarda K\u00f6hler 1. Vorsitzender Alt, Nicole Albert 2. Vorsitzende, Sopran, Katrin Wittayer-von Piotrovski Schriftf\u00fchrerin, Alt , Sarah Holzh\u00e4user Kassiererin, Tenor Stellvertreter*in R\u00fcdiger Michels, stellv. Schriftf\u00fchrer, Bass Ruth Steffes stellv. Kassierer, Tenor Beisitzer*innen Thomas Schlemmer, Bass Karl-Heinz Gilles, Bass Daniela H\u00f6wer, [&hellip;]<\/p>\n","protected":false},"author":1,"featured_media":0,"parent":0,"menu_order":0,"comment_status":"closed","ping_status":"closed","template":"","meta":{"footnotes":""},"class_list":["post-43","page","type-page","status-publish","hentry"],"_links":{"self":[{"href":"http:\/\/chorfamilie-dernbach.de\/index.php?rest_route=\/wp\/v2\/pages\/43","targetHints":{"allow":["GET"]}}],"collection":[{"href":"http:\/\/chorfamilie-dernbach.de\/index.php?rest_route=\/wp\/v2\/pages"}],"about":[{"href":"http:\/\/chorfamilie-dernbach.de\/index.php?rest_route=\/wp\/v2\/types\/page"}],"author":[{"embeddable":true,"href":"http:\/\/chorfamilie-dernbach.de\/index.php?rest_route=\/wp\/v2\/users\/1"}],"replies":[{"embeddable":true,"href":"http:\/\/chorfamilie-dernbach.de\/index.php?rest_route=%2Fwp%2Fv2%2Fcomments&post=43"}],"version-history":[{"count":9,"href":"http:\/\/chorfamilie-dernbach.de\/index.php?rest_route=\/wp\/v2\/pages\/43\/revisions"}],"predecessor-version":[{"id":229,"href":"http:\/\/chorfamilie-dernbach.de\/index.php?rest_route=\/wp\/v2\/pages\/43\/revisions\/229"}],"wp:attachment":[{"href":"http:\/\/chorfamilie-dernbach.de\/index.php?rest_route=%2Fwp%2Fv2%2Fmedia&parent=43"}],"curies":[{"name":"wp","href":"https:\/\/api.w.org\/{rel}","templated":true}]}}