{"id":45,"date":"2023-08-24T15:28:24","date_gmt":"2023-08-24T13:28:24","guid":{"rendered":"http:\/\/chorfamilie-dernbach.de\/?page_id=45"},"modified":"2026-02-15T16:51:21","modified_gmt":"2026-02-15T15:51:21","slug":"terminkalender","status":"publish","type":"page","link":"http:\/\/chorfamilie-dernbach.de\/?page_id=45","title":{"rendered":"Termine"},"content":{"rendered":"\n<p><strong>Proben<\/strong>: Choraz\u00f3n: Dienstags von 18:30 bis 20:00 Uhr, in der Gastst\u00e4tte Luda, Hauptstra\u00dfe, in 56428 Dernbach.<\/p>\n\n\n\n<p class=\"has-medium-font-size\" style=\"font-style:normal;font-weight:700\">geplante Termine 2026 vom Chor Choraz\u00f3n:<\/p>\n\n\n\n<p><strong>24<\/strong>. <strong>Januar 2026 <\/strong>&#8211; Singen in Sch\u00f6nstatt f\u00fcr unseren Sangesbruder Elmar<\/p>\n\n\n\n<p><strong>17. M\u00e4rz 2026<\/strong> &#8211; Mitgliederversammlung<\/p>\n\n\n\n<p><strong>28. M\u00e4rz 2026<\/strong> &#8211; Auftritt in Nauort<\/p>\n\n\n\n<p><strong>18. April 2026<\/strong> &#8211; Aktion saubere Umwelt &#8211; wir unterst\u00fctzen die Gemeinde bei dieser Aktion<\/p>\n\n\n\n<p><strong>27. Juni 2026 <\/strong>&#8211; Musik &#8222;Unter den Linden&#8220; mit befreundeten Ch\u00f6ren und Musikvereinen &#8211; Beginn um 17.00 Uhr bis open end<\/p>\n\n\n\n<p><strong>28. Juni 2026<\/strong> &#8211; Ausschank beim B\u00fcrgerfr\u00fchst\u00fcck<\/p>\n\n\n\n<p><strong>09. August 2026<\/strong> &#8211; Kirmessingen an der Gastst\u00e4tte Luda<\/p>\n\n\n\n<p><strong>26. September 2026<\/strong> &#8211; 3. Chorywurstfest in Dernbach am Sportlerheim<\/p>\n\n\n\n<p><strong>15. November 2026<\/strong> &#8211; Singen am Denkmal zum Volkstrauertag<\/p>\n\n\n\n<p><strong>21. November 2026<\/strong> &#8211; Winterzauber in Dernbach<\/p>\n\n\n\n<p><strong>13. Dezember 2026<\/strong> &#8211; Adventskonzert in der Klosterkirche Dernbach, Beginn mit Caf\u00e9 und Kuchen um 16.30 Uhr, das Konzert beginnt um 17.30 Uhr<\/p>\n\n\n\n<p><\/p>\n","protected":false},"excerpt":{"rendered":"<p>Proben: Choraz\u00f3n: Dienstags von 18:30 bis 20:00 Uhr, in der Gastst\u00e4tte Luda, Hauptstra\u00dfe, in 56428 Dernbach. geplante Termine 2026 vom Chor Choraz\u00f3n: 24. Januar 2026 &#8211; Singen in Sch\u00f6nstatt f\u00fcr unseren Sangesbruder Elmar 17. M\u00e4rz 2026 &#8211; Mitgliederversammlung 28. M\u00e4rz 2026 &#8211; Auftritt in Nauort 18. April 2026 &#8211; Aktion saubere Umwelt &#8211; wir unterst\u00fctzen [&hellip;]<\/p>\n","protected":false},"author":1,"featured_media":0,"parent":0,"menu_order":0,"comment_status":"closed","ping_status":"closed","template":"","meta":{"footnotes":""},"class_list":["post-45","page","type-page","status-publish","hentry"],"_links":{"self":[{"href":"http:\/\/chorfamilie-dernbach.de\/index.php?rest_route=\/wp\/v2\/pages\/45","targetHints":{"allow":["GET"]}}],"collection":[{"href":"http:\/\/chorfamilie-dernbach.de\/index.php?rest_route=\/wp\/v2\/pages"}],"about":[{"href":"http:\/\/chorfamilie-dernbach.de\/index.php?rest_route=\/wp\/v2\/types\/page"}],"author":[{"embeddable":true,"href":"http:\/\/chorfamilie-dernbach.de\/index.php?rest_route=\/wp\/v2\/users\/1"}],"replies":[{"embeddable":true,"href":"http:\/\/chorfamilie-dernbach.de\/index.php?rest_route=%2Fwp%2Fv2%2Fcomments&post=45"}],"version-history":[{"count":11,"href":"http:\/\/chorfamilie-dernbach.de\/index.php?rest_route=\/wp\/v2\/pages\/45\/revisions"}],"predecessor-version":[{"id":237,"href":"http:\/\/chorfamilie-dernbach.de\/index.php?rest_route=\/wp\/v2\/pages\/45\/revisions\/237"}],"wp:attachment":[{"href":"http:\/\/chorfamilie-dernbach.de\/index.php?rest_route=%2Fwp%2Fv2%2Fmedia&parent=45"}],"curies":[{"name":"wp","href":"https:\/\/api.w.org\/{rel}","templated":true}]}}