{"id":77,"date":"2024-05-20T13:03:28","date_gmt":"2024-05-20T11:03:28","guid":{"rendered":"http:\/\/chorfamilie-dernbach.de\/?page_id=77"},"modified":"2025-03-22T20:29:29","modified_gmt":"2025-03-22T19:29:29","slug":"chorleitung","status":"publish","type":"page","link":"http:\/\/chorfamilie-dernbach.de\/?page_id=77","title":{"rendered":"Chorleitung"},"content":{"rendered":"\n<p><strong>Seit Januar 2024 ist Fabian Gl\u00fcck &nbsp;wieder unser Dirigent.<\/strong><\/p>\n\n\n\n<p>Fabian Gl\u00fcck ist Musiklehrer am Privaten Johannes Gymnasium in Lahnstein. Er ist Chorleiter, Musiker und S\u00e4nger, singt Oratorien, Opern, Liederabende, Klassik, Musical, Pop- und Rockmusik. Konzerte f\u00fchrten ihn national und international auf renommierte B\u00fchnen. Daneben spielt er Klavier, Bratsche und Geige. Als Dozent f\u00fcr Kammermusik und Orchesterstudien gastiert er seit 2011 in der Landesmusikakademie Rheinland-Pfalz in Engers.<\/p>\n\n\n\n<p>Viele Chormitglieder und auch viele Dernbacher kennen Fabian Gl\u00fcck noch von fr\u00fcher, da er\u00a0 vor einiger Zeit bei Choraz\u00f3n schon Chorleiter war. Aber auch die aktuellen Mitglieder hatten ihn bereits bei einem Probewochenende erlebt, als er die vorherige Dirigentin Birgit Klima f\u00fcr das Adventskonzert im Dezember als Coach unterst\u00fctzt hatte. Mit Fabian Gl\u00fcck konnten wir einen hochkar\u00e4tigen Chorleiter zur\u00fcckgewinnen, der\u00a0mit hervorragendem K\u00f6nnen uns immer wieder begeistert und motiviert.<\/p>\n\n\n\n<p>Der Chor Choraz\u00f3n bedankt und verabschiedet sich von unserer Chorleitung Birgit Klima, nicht nur f\u00fcr die tatkr\u00e4ftige Unterst\u00fctzung, sondern auch daf\u00fcr, dass sie uns mit viel Engagement und K\u00f6nnen durch schwierige Zeiten geleitet hat.<\/p>\n\n\n\n<figure class=\"wp-block-image size-full\"><img loading=\"lazy\" decoding=\"async\" width=\"424\" height=\"569\" src=\"http:\/\/chorfamilie-dernbach.de\/wp-content\/uploads\/2024\/05\/Foto-Fabian-neu11.jpeg\" alt=\"\" class=\"wp-image-81\" srcset=\"http:\/\/chorfamilie-dernbach.de\/wp-content\/uploads\/2024\/05\/Foto-Fabian-neu11.jpeg 424w, http:\/\/chorfamilie-dernbach.de\/wp-content\/uploads\/2024\/05\/Foto-Fabian-neu11-224x300.jpeg 224w\" sizes=\"auto, (max-width: 424px) 100vw, 424px\" \/><\/figure>\n","protected":false},"excerpt":{"rendered":"<p>Seit Januar 2024 ist Fabian Gl\u00fcck &nbsp;wieder unser Dirigent. Fabian Gl\u00fcck ist Musiklehrer am Privaten Johannes Gymnasium in Lahnstein. Er ist Chorleiter, Musiker und S\u00e4nger, singt Oratorien, Opern, Liederabende, Klassik, Musical, Pop- und Rockmusik. Konzerte f\u00fchrten ihn national und international auf renommierte B\u00fchnen. Daneben spielt er Klavier, Bratsche und Geige. Als Dozent f\u00fcr Kammermusik und [&hellip;]<\/p>\n","protected":false},"author":1,"featured_media":0,"parent":0,"menu_order":0,"comment_status":"closed","ping_status":"closed","template":"","meta":{"footnotes":""},"class_list":["post-77","page","type-page","status-publish","hentry"],"_links":{"self":[{"href":"http:\/\/chorfamilie-dernbach.de\/index.php?rest_route=\/wp\/v2\/pages\/77","targetHints":{"allow":["GET"]}}],"collection":[{"href":"http:\/\/chorfamilie-dernbach.de\/index.php?rest_route=\/wp\/v2\/pages"}],"about":[{"href":"http:\/\/chorfamilie-dernbach.de\/index.php?rest_route=\/wp\/v2\/types\/page"}],"author":[{"embeddable":true,"href":"http:\/\/chorfamilie-dernbach.de\/index.php?rest_route=\/wp\/v2\/users\/1"}],"replies":[{"embeddable":true,"href":"http:\/\/chorfamilie-dernbach.de\/index.php?rest_route=%2Fwp%2Fv2%2Fcomments&post=77"}],"version-history":[{"count":4,"href":"http:\/\/chorfamilie-dernbach.de\/index.php?rest_route=\/wp\/v2\/pages\/77\/revisions"}],"predecessor-version":[{"id":139,"href":"http:\/\/chorfamilie-dernbach.de\/index.php?rest_route=\/wp\/v2\/pages\/77\/revisions\/139"}],"wp:attachment":[{"href":"http:\/\/chorfamilie-dernbach.de\/index.php?rest_route=%2Fwp%2Fv2%2Fmedia&parent=77"}],"curies":[{"name":"wp","href":"https:\/\/api.w.org\/{rel}","templated":true}]}}